{"id":1293,"date":"2016-06-25T17:23:37","date_gmt":"2016-06-25T16:23:37","guid":{"rendered":"http:\/\/wordpress.derwegderwoelfe.de\/?page_id=1293"},"modified":"2016-09-18T10:09:46","modified_gmt":"2016-09-18T09:09:46","slug":"biologie-wolf","status":"publish","type":"page","link":"https:\/\/wordpress.derwegderwoelfe.de\/?page_id=1293","title":{"rendered":"Biologie Wolf"},"content":{"rendered":"<p><strong><a href=\"https:\/\/wordpress.derwegderwoelfe.de\/wp-content\/uploads\/2016\/06\/tired-Crai.jpg\"><img loading=\"lazy\" decoding=\"async\" class=\"size-full wp-image-1300 alignleft\" src=\"https:\/\/wordpress.derwegderwoelfe.de\/wp-content\/uploads\/2016\/06\/tired-Crai.jpg\" alt=\"tired Crai\" width=\"200\" height=\"293\" \/><\/a>Gr\u00f6\u00dfe: <\/strong>Wolfsr\u00fcde 35 &#8211; 60 kg, W\u00f6lfin (F\u00e4he) 30 &#8211; 50 kg<\/p>\n<p><strong>Reproduktion: <\/strong>Paarungszeit: Februar \u2013 M\u00e4rz; Geburt: Ende April\/Anfang Mai; Welpen: 1-12<\/p>\n<p><strong>Nahrungsspektrum: <\/strong>Reh, Hirsch, Gams, Wildschwein, Hase, Fuchs, im Prinzip alle S\u00e4ugetierarten vom Elch, Bison bis zur Maus, gelegentlich Obst. Nutz- und Haustiere insbesondere Schafe, Ziegen aber Rinder und Pferde sind m\u00f6glich, insbesondere Jungtiere. Lebensmittelreste, Aas.<\/p>\n<p><strong>Sozialstruktur: <\/strong>W\u00f6lfe leben in einer Familie, auch Rudel genannt. Die Familie besteht in der Regel aus den beiden Elterntieren und deren nachkommen in zwei Generationen. Die J\u00e4hrlinge verlassen das Rudel in der Regel im Alter von 1-2 Jahren. Sie begeben sich dann auf die Suche nach einem Partner und einem geeignetem Revier. Auch Einzelw\u00f6lfe k\u00f6nnen sich in einem Gebiet etablieren und dort auf einen geeigneten Partner f\u00fcr l\u00e4ngere Zeit warten.<a href=\"https:\/\/wordpress.derwegderwoelfe.de\/wp-content\/uploads\/2016\/06\/walking-Crai.jpg\"><img loading=\"lazy\" decoding=\"async\" class=\"size-medium wp-image-1303 alignright\" src=\"https:\/\/wordpress.derwegderwoelfe.de\/wp-content\/uploads\/2016\/06\/walking-Crai-119x300.jpg\" alt=\"walking Crai\" width=\"119\" height=\"300\" srcset=\"https:\/\/wordpress.derwegderwoelfe.de\/wp-content\/uploads\/2016\/06\/walking-Crai-119x300.jpg 119w, https:\/\/wordpress.derwegderwoelfe.de\/wp-content\/uploads\/2016\/06\/walking-Crai.jpg 200w\" sizes=\"auto, (max-width: 119px) 100vw, 119px\" \/><\/a><\/p>\n<p><strong>Territorium: <\/strong>W\u00f6lfe sind territorial. Unter mitteleurop\u00e4ischen Verh\u00e4ltnissen haben die Wolfsreviere eine Fl\u00e4che von 150 \u2013 350km\u00b2 oder gr\u00f6\u00dfer. Abh\u00e4ngig vom zug\u00e4nglichem Nahrungsangebot. Im Territorium hat ein Wolfsrudel ein Kerngebiet in dem sie sich am h\u00e4ufigsten aufhalten, insbesondere in der Zeit der Welpenaufzucht.<\/p>\n<p><strong>Anpassungsf\u00e4higkeit: <\/strong>W\u00f6lfe gibt bzw. gab es in fast allen Klimazonen und sehr unterschiedlichen Landschaftstypen. Von W\u00fcstenregionen bis zu Polarregionen, von Steppenlandschaften und Flachlandregionen bis in bewaldete Gebirgsregionen und \u00fcber die Waldgrenze hinaus. Ebenso konnten sich W\u00f6lfe an die Besonderheiten von sumpfigen und Moorgebiete anpassen. Die Reviergr\u00f6\u00dfe k\u00f6nnen W\u00f6lfe den Rehmenbedingungen entsprechend anpassen bis \u00fcber 1000-2000km\u00b2\/Territorium sind bekannt. Auch im Bereich der sozialen F\u00e4higkeiten sind W\u00f6lfe recht flexibel. Die oben genannte Kernfamilie ist zwar \u00fcblich, aber ein Wolfsrudel kann auch aus mehrere ausgewachsenen und geschlechtsreifen W\u00f6lfen bestehen. In Mitteleuropa sind Rudel mit mehreren Erwachsenen W\u00f6lfe allerdings untypisch oder nur eine kurze tempor\u00e4re Erscheinung. Selbst zwei W\u00fcrfe von zwei W\u00f6lfinnen in einem Rudel sind bekannt, wenn auch selten. Zus\u00e4tzlich k\u00f6nnen W\u00f6lfe sich auch mit anderen Wolfsrudeln zumindest tempor\u00e4r vereinen. Die Sozialstruktur der W\u00f6lfe ist nahezu kompatibel mit der menschlichen Sozialstruktur. Das bedeutet nicht, dass W\u00f6lfe einfach als Hundeersatz hergenommen werden k\u00f6nnen.<\/p>\n","protected":false},"excerpt":{"rendered":"<p>Gr\u00f6\u00dfe: Wolfsr\u00fcde 35 &#8211; 60 kg, W\u00f6lfin (F\u00e4he) 30 &#8211; 50 kg Reproduktion: Paarungszeit: Februar \u2013 M\u00e4rz; Geburt: Ende April\/Anfang Mai; Welpen: 1-12 Nahrungsspektrum: Reh, Hirsch, Gams, Wildschwein, Hase, Fuchs, im Prinzip alle S\u00e4ugetierarten vom Elch, Bison bis zur Maus, &hellip; <a class=\"more-link\" href=\"https:\/\/wordpress.derwegderwoelfe.de\/?page_id=1293\">Weiterlesen <span class=\"meta-nav\">&rarr;<\/span><\/a><\/p>\n","protected":false},"author":1,"featured_media":0,"parent":0,"menu_order":0,"comment_status":"closed","ping_status":"closed","template":"","meta":{"footnotes":""},"class_list":["post-1293","page","type-page","status-publish","hentry"],"_links":{"self":[{"href":"https:\/\/wordpress.derwegderwoelfe.de\/index.php?rest_route=\/wp\/v2\/pages\/1293","targetHints":{"allow":["GET"]}}],"collection":[{"href":"https:\/\/wordpress.derwegderwoelfe.de\/index.php?rest_route=\/wp\/v2\/pages"}],"about":[{"href":"https:\/\/wordpress.derwegderwoelfe.de\/index.php?rest_route=\/wp\/v2\/types\/page"}],"author":[{"embeddable":true,"href":"https:\/\/wordpress.derwegderwoelfe.de\/index.php?rest_route=\/wp\/v2\/users\/1"}],"replies":[{"embeddable":true,"href":"https:\/\/wordpress.derwegderwoelfe.de\/index.php?rest_route=%2Fwp%2Fv2%2Fcomments&post=1293"}],"version-history":[{"count":6,"href":"https:\/\/wordpress.derwegderwoelfe.de\/index.php?rest_route=\/wp\/v2\/pages\/1293\/revisions"}],"predecessor-version":[{"id":1462,"href":"https:\/\/wordpress.derwegderwoelfe.de\/index.php?rest_route=\/wp\/v2\/pages\/1293\/revisions\/1462"}],"wp:attachment":[{"href":"https:\/\/wordpress.derwegderwoelfe.de\/index.php?rest_route=%2Fwp%2Fv2%2Fmedia&parent=1293"}],"curies":[{"name":"wp","href":"https:\/\/api.w.org\/{rel}","templated":true}]}}