{"id":2,"date":"2013-08-04T07:21:13","date_gmt":"2013-08-04T07:21:13","guid":{"rendered":"http:\/\/wordpress.derwegderwoelfe.de\/?page_id=2"},"modified":"2019-01-01T21:28:52","modified_gmt":"2019-01-01T20:28:52","slug":"sample-page","status":"publish","type":"page","link":"https:\/\/wordpress.derwegderwoelfe.de\/?page_id=2","title":{"rendered":"Impressum"},"content":{"rendered":"<div>\n<p align=\"left\"><a href=\"https:\/\/wordpress.derwegderwoelfe.de\/wp-content\/uploads\/2013\/08\/DSC_0031.jpg\"><img loading=\"lazy\" decoding=\"async\" class=\"alignleft size-medium wp-image-335\" src=\"https:\/\/wordpress.derwegderwoelfe.de\/wp-content\/uploads\/2013\/08\/DSC_0031-300x199.jpg\" alt=\"DSC_0031\" width=\"300\" height=\"199\" \/><\/a>Eine paar kurze Informationen \u00fcber Peter und &#8222;Der Weg der W\u00f6lfe&#8220;<\/p>\n<\/div>\n<div>\n<div align=\"left\">\n<pre>    Peter S\u00fcrth\n\n    Tier &amp; Wildtiermanagement\n    Ruhesteinstrasse 62\n    77889 Seebach\n    Germany\n\n    +49 179 6840219 (mobil)\n\n    info@derwegderwoelfe.de<\/pre>\n<\/div>\n<h2 align=\"left\">Peter Christoph S\u00fcrth<\/h2>\n<p align=\"left\">Von 1992 &#8211; 1997 habe ich zun\u00e4chst 2 Jahre Biologie und 3 Jahre am Van Hall Institut in den Niederlanden Animal Management mit dem Schwerpunkt Wildtiermanagement studiert. Von 1996-2003 durfte ich f\u00fcr die Wildbiologischen Gesellschaft M\u00fcnchen und f\u00fcr das &#8222;Carpathian Large Carnivore Project (CLCP)&#8220; in Rum\u00e4nien das Verhalten der W\u00f6lfe, B\u00e4ren und Luchse untersuchen. Meine Aufgabe war die Erforschung der gro\u00dfen Beutegreifer Wolf, Braunb\u00e4r und des Eurasischen Luchses und deren Anpassungsverhalten an intensiv genutzte Kulturlandschaften. Als Wildtierexperte habe ich die Fachexkursionen des CLCP gef\u00fchrt.<\/p>\n<h2 align=\"left\">Der Weg der W\u00f6lfe<\/h2>\n<p align=\"left\">Seit 2004 arbeite ich an dem eigenen Projekt &#8222;Der Weg der W\u00f6lfe&#8220;. Nach den vielen Jahren der Forschungsarbeit m\u00f6chte ich es mir erlauben meinen Blickwinkel zu wechseln. In dem Projekt durchwandere ich verschiedene Lebensr\u00e4ume in meinen Expeditionen und versuche dabei den Blickwinkel der Wildtiere ein St\u00fcck weit einzunehmen. Dann folgt wieder der Wechsel um die Sichtweisen der verschiedenen Interessen der Menschen besser verstehen zu k\u00f6nnen. Auf meinen Expeditionen, bei denen ich viele Wochen am St\u00fcck unterwegs bin und im Freien \u00fcbernachte, stosse ich auf viele Hindernisse f\u00fcr die Wildtiere und Verlockungen f\u00fcr die Wildtiere die am Ende zum Konflikt f\u00fchren k\u00f6nnen.<\/p>\n<p align=\"left\">Wir werden als Menschen lernen m\u00fcssen mit Wildtieren besser zurechtzukommen. Am Ende muss der gemeinsame Lebensraum in Europa mit den Wildtieren fair geteilt werden, auch mit den Wildtieren die uns st\u00f6ren, uns einschr\u00e4nken oder Geld kosten k\u00f6nnen. Aus diesem Grund geh\u00f6rt zu diesem Projekt die Bildungs- und \u00d6ffentlichkeitsarbeit, mit den betroffenen Interessnesgruppen ebenso wie mit Jedermann und vor allen Dingen mit den zuk\u00fcnftigen Generationen, unseren Kindern.<\/p>\n<h2 align=\"left\">Wichtige Hinweise:<\/h2>\n<p align=\"left\">Mit Urteil vom 12. Mai 1998 hat das Landgericht Hamburg entschieden, dass man durch die Ausbringung eines Links f\u00fcr die Inhalte der gelinkten Seite ggf. mit zu verantworten hat. Dies kann &#8211; so das Landesgericht &#8211; nur dadurch verhindert werden, dass man sich ausdr\u00fccklich von diesen Inhalten distanziert. Ich haben auf dieser Homepage Links zu anderen Seiten im Internet gelegt. F\u00fcr all diese Links gilt: Ich m\u00f6chten ausdr\u00fccklich betonen, dass ich keinerlei Einfluss auf die Gestaltung und die Inhalte der gelinkten Seiten habe. Deshalb distanziere ich mich hiermit ausdr\u00fccklich von allen Inhalten aller gelinkten Seiten auf dieser Homepage. Diese Erkl\u00e4rung gilt f\u00fcr alle auf meiner Homepage ausgebrachten Links und f\u00fcr alle Inhalte der Seiten, zu denen die Banner f\u00fchren.<\/p>\n<p align=\"center\">\n<\/div>\n","protected":false},"excerpt":{"rendered":"<p>Eine paar kurze Informationen \u00fcber Peter und &#8222;Der Weg der W\u00f6lfe&#8220; Peter S\u00fcrth Tier &amp; Wildtiermanagement Ruhesteinstrasse 62 77889 Seebach Germany +49 179 6840219 (mobil) info@derwegderwoelfe.de Peter Christoph S\u00fcrth Von 1992 &#8211; 1997 habe ich zun\u00e4chst 2 Jahre Biologie und &hellip; <a class=\"more-link\" href=\"https:\/\/wordpress.derwegderwoelfe.de\/?page_id=2\">Weiterlesen <span class=\"meta-nav\">&rarr;<\/span><\/a><\/p>\n","protected":false},"author":1,"featured_media":0,"parent":0,"menu_order":0,"comment_status":"closed","ping_status":"closed","template":"","meta":{"footnotes":""},"class_list":["post-2","page","type-page","status-publish","hentry"],"_links":{"self":[{"href":"https:\/\/wordpress.derwegderwoelfe.de\/index.php?rest_route=\/wp\/v2\/pages\/2","targetHints":{"allow":["GET"]}}],"collection":[{"href":"https:\/\/wordpress.derwegderwoelfe.de\/index.php?rest_route=\/wp\/v2\/pages"}],"about":[{"href":"https:\/\/wordpress.derwegderwoelfe.de\/index.php?rest_route=\/wp\/v2\/types\/page"}],"author":[{"embeddable":true,"href":"https:\/\/wordpress.derwegderwoelfe.de\/index.php?rest_route=\/wp\/v2\/users\/1"}],"replies":[{"embeddable":true,"href":"https:\/\/wordpress.derwegderwoelfe.de\/index.php?rest_route=%2Fwp%2Fv2%2Fcomments&post=2"}],"version-history":[{"count":11,"href":"https:\/\/wordpress.derwegderwoelfe.de\/index.php?rest_route=\/wp\/v2\/pages\/2\/revisions"}],"predecessor-version":[{"id":1930,"href":"https:\/\/wordpress.derwegderwoelfe.de\/index.php?rest_route=\/wp\/v2\/pages\/2\/revisions\/1930"}],"wp:attachment":[{"href":"https:\/\/wordpress.derwegderwoelfe.de\/index.php?rest_route=%2Fwp%2Fv2%2Fmedia&parent=2"}],"curies":[{"name":"wp","href":"https:\/\/api.w.org\/{rel}","templated":true}]}}